{"id":1515,"date":"2025-02-10T21:00:47","date_gmt":"2025-02-10T20:00:47","guid":{"rendered":"https:\/\/germanyexpats.com\/?page_id=1515"},"modified":"2025-02-10T22:52:45","modified_gmt":"2025-02-10T21:52:45","slug":"uber-uns","status":"publish","type":"page","link":"https:\/\/germanyexpats.com\/de\/uber-uns\/","title":{"rendered":"\u00dcber uns"},"content":{"rendered":"<div class=\"wp-block-media-text is-stacked-on-mobile\" style=\"grid-template-columns:37% auto\"><figure class=\"wp-block-media-text__media\"><img decoding=\"async\" width=\"1024\" height=\"1024\" src=\"https:\/\/germanyexpats.com\/wp-content\/uploads\/2025\/02\/ishrat.webp\" alt=\"Gr\u00fcnder\" class=\"wp-image-1539 size-full\" srcset=\"https:\/\/germanyexpats.com\/wp-content\/uploads\/2025\/02\/ishrat.webp 1024w, https:\/\/germanyexpats.com\/wp-content\/uploads\/2025\/02\/ishrat-300x300.webp 300w, https:\/\/germanyexpats.com\/wp-content\/uploads\/2025\/02\/ishrat-150x150.webp 150w, https:\/\/germanyexpats.com\/wp-content\/uploads\/2025\/02\/ishrat-768x768.webp 768w, https:\/\/germanyexpats.com\/wp-content\/uploads\/2025\/02\/ishrat-420x420.webp 420w, https:\/\/germanyexpats.com\/wp-content\/uploads\/2025\/02\/ishrat-696x696.webp 696w, https:\/\/germanyexpats.com\/wp-content\/uploads\/2025\/02\/ishrat-96x96.webp 96w\" sizes=\"(max-width: 1024px) 100vw, 1024px\" \/><\/figure><div class=\"wp-block-media-text__content\">\n<p>Wir sind ein Team von Expats mit eigener Erfahrung im Leben in Deutschland. Deshalb haben wir <strong>DeutschlandExpat<\/strong>\u2013 um anderen mit praktischen Ratschl\u00e4gen, Ressourcen und Erkenntnissen zu helfen.<\/p>\n\n\n\n<p>Ich bin Ishrat, der Gr\u00fcnder von GermanyExpat, ein Softwareentwickler, der leidenschaftlich gerne Wissen teilt. Was als pers\u00f6nliche Anstrengung begann, ist jetzt ein engagiertes Team geworden, das sich daf\u00fcr einsetzt, Ihre Expat-Reise zu erleichtern.<\/p>\n\n\n\n<p>Bleiben Sie bei uns, w\u00e4hrend wir expandieren und Ihnen noch mehr kompetente Beratung zum Leben, Arbeiten und Gedeihen in Deutschland bieten!<\/p>\n\n\n\n<p><a href=\"https:\/\/germanyexpats.com\/de\/\">Zuhause f\u00fcr Expats in Deutschland<\/a><\/p>\n<\/div><\/div>\n\n\n\n<ul class=\"wp-block-social-links alignleft has-small-icon-size is-style-default is-layout-flex wp-block-social-links-is-layout-flex\"><li class=\"wp-social-link wp-social-link-x  wp-block-social-link\"><a rel=\"noopener nofollow\" target=\"_blank\" href=\"https:\/\/x.com\/GermanyExpats\" class=\"wp-block-social-link-anchor\"><svg width=\"24\" height=\"24\" viewbox=\"0 0 24 24\" version=\"1.1\" xmlns=\"http:\/\/www.w3.org\/2000\/svg\" aria-hidden=\"true\" focusable=\"false\"><path d=\"M13.982 10.622 20.54 3h-1.554l-5.693 6.618L8.745 3H3.5l6.876 10.007L3.5 21h1.554l6.012-6.989L15.868 21h5.245l-7.131-10.378Zm-2.128 2.474-.697-.997-5.543-7.93H8l4.474 6.4.697.996 5.815 8.318h-2.387l-4.745-6.787Z\" \/><\/svg><span class=\"wp-block-social-link-label screen-reader-text\">X<\/span><\/a><\/li>\n\n<li class=\"wp-social-link wp-social-link-linkedin  wp-block-social-link\"><a rel=\"noopener nofollow\" target=\"_blank\" href=\"https:\/\/www.linkedin.com\/\" class=\"wp-block-social-link-anchor\"><svg width=\"24\" height=\"24\" viewbox=\"0 0 24 24\" version=\"1.1\" xmlns=\"http:\/\/www.w3.org\/2000\/svg\" aria-hidden=\"true\" focusable=\"false\"><path d=\"M19.7,3H4.3C3.582,3,3,3.582,3,4.3v15.4C3,20.418,3.582,21,4.3,21h15.4c0.718,0,1.3-0.582,1.3-1.3V4.3 C21,3.582,20.418,3,19.7,3z M8.339,18.338H5.667v-8.59h2.672V18.338z M7.004,8.574c-0.857,0-1.549-0.694-1.549-1.548 c0-0.855,0.691-1.548,1.549-1.548c0.854,0,1.547,0.694,1.547,1.548C8.551,7.881,7.858,8.574,7.004,8.574z M18.339,18.338h-2.669 v-4.177c0-0.996-0.017-2.278-1.387-2.278c-1.389,0-1.601,1.086-1.601,2.206v4.249h-2.667v-8.59h2.559v1.174h0.037 c0.356-0.675,1.227-1.387,2.526-1.387c2.703,0,3.203,1.779,3.203,4.092V18.338z\"><\/path><\/svg><span class=\"wp-block-social-link-label screen-reader-text\">LinkedIn<\/span><\/a><\/li>\n\n<li class=\"wp-social-link wp-social-link-instagram  wp-block-social-link\"><a rel=\"noopener nofollow\" target=\"_blank\" href=\"https:\/\/www.instagram.com\/germanyexpats\" class=\"wp-block-social-link-anchor\"><svg width=\"24\" height=\"24\" viewbox=\"0 0 24 24\" version=\"1.1\" xmlns=\"http:\/\/www.w3.org\/2000\/svg\" aria-hidden=\"true\" focusable=\"false\"><path d=\"M12,4.622c2.403,0,2.688,0.009,3.637,0.052c0.877,0.04,1.354,0.187,1.671,0.31c0.42,0.163,0.72,0.358,1.035,0.673 c0.315,0.315,0.51,0.615,0.673,1.035c0.123,0.317,0.27,0.794,0.31,1.671c0.043,0.949,0.052,1.234,0.052,3.637 s-0.009,2.688-0.052,3.637c-0.04,0.877-0.187,1.354-0.31,1.671c-0.163,0.42-0.358,0.72-0.673,1.035 c-0.315,0.315-0.615,0.51-1.035,0.673c-0.317,0.123-0.794,0.27-1.671,0.31c-0.949,0.043-1.233,0.052-3.637,0.052 s-2.688-0.009-3.637-0.052c-0.877-0.04-1.354-0.187-1.671-0.31c-0.42-0.163-0.72-0.358-1.035-0.673 c-0.315-0.315-0.51-0.615-0.673-1.035c-0.123-0.317-0.27-0.794-0.31-1.671C4.631,14.688,4.622,14.403,4.622,12 s0.009-2.688,0.052-3.637c0.04-0.877,0.187-1.354,0.31-1.671c0.163-0.42,0.358-0.72,0.673-1.035 c0.315-0.315,0.615-0.51,1.035-0.673c0.317-0.123,0.794-0.27,1.671-0.31C9.312,4.631,9.597,4.622,12,4.622 M12,3 C9.556,3,9.249,3.01,8.289,3.054C7.331,3.098,6.677,3.25,6.105,3.472C5.513,3.702,5.011,4.01,4.511,4.511 c-0.5,0.5-0.808,1.002-1.038,1.594C3.25,6.677,3.098,7.331,3.054,8.289C3.01,9.249,3,9.556,3,12c0,2.444,0.01,2.751,0.054,3.711 c0.044,0.958,0.196,1.612,0.418,2.185c0.23,0.592,0.538,1.094,1.038,1.594c0.5,0.5,1.002,0.808,1.594,1.038 c0.572,0.222,1.227,0.375,2.185,0.418C9.249,20.99,9.556,21,12,21s2.751-0.01,3.711-0.054c0.958-0.044,1.612-0.196,2.185-0.418 c0.592-0.23,1.094-0.538,1.594-1.038c0.5-0.5,0.808-1.002,1.038-1.594c0.222-0.572,0.375-1.227,0.418-2.185 C20.99,14.751,21,14.444,21,12s-0.01-2.751-0.054-3.711c-0.044-0.958-0.196-1.612-0.418-2.185c-0.23-0.592-0.538-1.094-1.038-1.594 c-0.5-0.5-1.002-0.808-1.594-1.038c-0.572-0.222-1.227-0.375-2.185-0.418C14.751,3.01,14.444,3,12,3L12,3z M12,7.378 c-2.552,0-4.622,2.069-4.622,4.622S9.448,16.622,12,16.622s4.622-2.069,4.622-4.622S14.552,7.378,12,7.378z M12,15 c-1.657,0-3-1.343-3-3s1.343-3,3-3s3,1.343,3,3S13.657,15,12,15z M16.804,6.116c-0.596,0-1.08,0.484-1.08,1.08 s0.484,1.08,1.08,1.08c0.596,0,1.08-0.484,1.08-1.08S17.401,6.116,16.804,6.116z\"><\/path><\/svg><span class=\"wp-block-social-link-label screen-reader-text\">Instagram<\/span><\/a><\/li><\/ul>","protected":false},"excerpt":{"rendered":"<p>We are a team of expats with firsthand experience navigating life in Germany. That\u2019s why we created GermanyExpat\u2014to help others with practical advice, resources, and insights. I\u2019m Ishrat, the founder of GermanyExpat, a software engineer passionate about sharing knowledge. What started as a personal effort is now becoming a dedicated team committed to smoothing your [&hellip;]<\/p>","protected":false},"author":2,"featured_media":0,"parent":0,"menu_order":0,"comment_status":"closed","ping_status":"closed","template":"","meta":{"footnotes":""},"class_list":["post-1515","page","type-page","status-publish"],"_links":{"self":[{"href":"https:\/\/germanyexpats.com\/de\/wp-json\/wp\/v2\/pages\/1515","targetHints":{"allow":["GET"]}}],"collection":[{"href":"https:\/\/germanyexpats.com\/de\/wp-json\/wp\/v2\/pages"}],"about":[{"href":"https:\/\/germanyexpats.com\/de\/wp-json\/wp\/v2\/types\/page"}],"author":[{"embeddable":true,"href":"https:\/\/germanyexpats.com\/de\/wp-json\/wp\/v2\/users\/2"}],"replies":[{"embeddable":true,"href":"https:\/\/germanyexpats.com\/de\/wp-json\/wp\/v2\/comments?post=1515"}],"version-history":[{"count":14,"href":"https:\/\/germanyexpats.com\/de\/wp-json\/wp\/v2\/pages\/1515\/revisions"}],"predecessor-version":[{"id":1554,"href":"https:\/\/germanyexpats.com\/de\/wp-json\/wp\/v2\/pages\/1515\/revisions\/1554"}],"wp:attachment":[{"href":"https:\/\/germanyexpats.com\/de\/wp-json\/wp\/v2\/media?parent=1515"}],"curies":[{"name":"wp","href":"https:\/\/api.w.org\/{rel}","templated":true}]}}