{"id":404,"date":"2025-01-18T00:38:44","date_gmt":"2025-01-17T23:38:44","guid":{"rendered":"https:\/\/germanyexpats.com\/?page_id=404"},"modified":"2025-02-12T19:26:02","modified_gmt":"2025-02-12T18:26:02","slug":"impressum","status":"publish","type":"page","link":"https:\/\/germanyexpats.com\/de\/impressum\/","title":{"rendered":"Impressum"},"content":{"rendered":"<p><strong>Kontaktinformationen:<\/strong><\/p>\n\n\n\n<p><strong>Adresse:<\/strong> Billstedter Hauptstra\u00dfe. Hamburg, Deutschland<br><strong>E-Mail:<\/strong> founders@germanyexpats.com<strong> <\/strong><br><strong>Webseite:<\/strong> GermanyExpats.com<\/p>\n\n\n\n<p><strong>Gesch\u00e4ftsinformationen:<\/strong><br><strong>Registergericht:<\/strong> []<br><strong>Umsatzsteuer-Identifikationsnummer:<\/strong><\/p>\n\n\n\n<p><strong>Haftungsausschluss:<\/strong><\/p>\n\n\n\n<p>Die Inhalte dieser Website dienen ausschlie\u00dflich zu Informationszwecken. Wir bem\u00fchen uns, die Informationen stets korrekt und aktuell zu halten. Wir \u00fcbernehmen jedoch keine ausdr\u00fccklichen oder stillschweigenden Zusicherungen oder Gew\u00e4hrleistungen hinsichtlich der Vollst\u00e4ndigkeit, Genauigkeit, Zuverl\u00e4ssigkeit, Eignung oder Verf\u00fcgbarkeit der Website oder der bereitgestellten Informationen, Produkte, Dienstleistungen oder zugeh\u00f6rigen Grafiken.<\/p>\n\n\n\n<p><strong>Haftung f\u00fcr Links:<\/strong><\/p>\n\n\n\n<p>Unser Angebot enth\u00e4lt Links zu externen Webseiten Dritter, auf deren Inhalte wir keinen Einfluss haben. Deshalb k\u00f6nnen wir f\u00fcr diese fremden Inhalte auch keine Gew\u00e4hr \u00fcbernehmen. F\u00fcr die Inhalte der verlinkten Seiten ist stets der jeweilige Anbieter oder Betreiber der Seiten verantwortlich. Die verlinkten Seiten wurden zum Zeitpunkt der Verlinkung auf m\u00f6gliche Rechtsverst\u00f6\u00dfe \u00fcberpr\u00fcft. Rechtswidrige Inhalte waren zum Zeitpunkt der Verlinkung nicht erkennbar. Eine permanente inhaltliche Kontrolle der verlinkten Seiten ist jedoch ohne konkrete Anhaltspunkte einer Rechtsverletzung nicht zumutbar. Bei Bekanntwerden von Rechtsverletzungen werden wir derartige Links umgehend entfernen.<\/p>","protected":false},"excerpt":{"rendered":"<p>Contact Information: Address: Billstedter Haupstrass. Hamburg, GermanyEmail: founders@germanyexpats.com Website: GermanyExpats.com Business Information:Register Court: []VAT Identification Number: Disclaimer: The content on this website is intended for informational purposes only. We strive to keep the information accurate and up-to-date; however, we make no representations or warranties, express or implied, regarding the completeness, accuracy, reliability, suitability, or availability [&hellip;]<\/p>","protected":false},"author":1,"featured_media":0,"parent":0,"menu_order":0,"comment_status":"closed","ping_status":"closed","template":"","meta":{"footnotes":""},"class_list":["post-404","page","type-page","status-publish"],"_links":{"self":[{"href":"https:\/\/germanyexpats.com\/de\/wp-json\/wp\/v2\/pages\/404","targetHints":{"allow":["GET"]}}],"collection":[{"href":"https:\/\/germanyexpats.com\/de\/wp-json\/wp\/v2\/pages"}],"about":[{"href":"https:\/\/germanyexpats.com\/de\/wp-json\/wp\/v2\/types\/page"}],"author":[{"embeddable":true,"href":"https:\/\/germanyexpats.com\/de\/wp-json\/wp\/v2\/users\/1"}],"replies":[{"embeddable":true,"href":"https:\/\/germanyexpats.com\/de\/wp-json\/wp\/v2\/comments?post=404"}],"version-history":[{"count":5,"href":"https:\/\/germanyexpats.com\/de\/wp-json\/wp\/v2\/pages\/404\/revisions"}],"predecessor-version":[{"id":1644,"href":"https:\/\/germanyexpats.com\/de\/wp-json\/wp\/v2\/pages\/404\/revisions\/1644"}],"wp:attachment":[{"href":"https:\/\/germanyexpats.com\/de\/wp-json\/wp\/v2\/media?parent=404"}],"curies":[{"name":"wp","href":"https:\/\/api.w.org\/{rel}","templated":true}]}}